{"id":26,"date":"2018-06-28T19:54:54","date_gmt":"2018-06-28T22:54:54","guid":{"rendered":"http:\/\/weedoomusic.com\/?page_id=26"},"modified":"2020-06-02T15:33:42","modified_gmt":"2020-06-02T18:33:42","slug":"weedoo","status":"publish","type":"page","link":"https:\/\/weedoomusic.com\/index.php\/weedoo\/","title":{"rendered":"weedoo"},"content":{"rendered":"[vc_row visibility=&#8221;hidden-sm&#8221;][vc_column][mk_padding_divider size=&#8221;120&#8243;][\/vc_column][\/vc_row][vc_row fullwidth=&#8221;true&#8221; attached=&#8221;true&#8221;][vc_column][mk_image src=&#8221;http:\/\/weedoomusic.com\/wp-content\/uploads\/2018\/08\/imagem_fx_weedoo_2000x700px.jpg&#8221; image_size=&#8221;full&#8221; align=&#8221;center&#8221; margin_bottom=&#8221;0&#8243;][\/vc_column][\/vc_row][vc_row fullwidth=&#8221;true&#8221;][vc_column width=&#8221;1\/6&#8243; css=&#8221;.vc_custom_1534307202596{background-color: rgba(0,0,0,0.15) !important;*background-color: rgb(0,0,0) !important;}&#8221;][mk_padding_divider size=&#8221;15&#8243;][vc_column_text align=&#8221;center&#8221; css=&#8221;.vc_custom_1534306848841{margin-bottom: 0px !important;}&#8221;]\n<h1>M\u00fasica<br \/>\nFilmes<\/h1>\n[\/vc_column_text][\/vc_column][vc_column width=&#8221;1\/6&#8243; css=&#8221;.vc_custom_1534307299174{background-color: rgba(0,0,0,0.3) !important;*background-color: rgb(0,0,0) !important;}&#8221;][mk_padding_divider size=&#8221;15&#8243;][vc_column_text align=&#8221;center&#8221; css=&#8221;.vc_custom_1534306855258{margin-bottom: 0px !important;}&#8221;]\n<h1>Efeitos<br \/>\nSonoros<\/h1>\n[\/vc_column_text][\/vc_column][vc_column width=&#8221;1\/6&#8243; css=&#8221;.vc_custom_1534307347861{background-color: rgba(0,0,0,0.45) !important;*background-color: rgb(0,0,0) !important;}&#8221;][mk_padding_divider size=&#8221;15&#8243;][vc_column_text align=&#8221;center&#8221; css=&#8221;.vc_custom_1534306826401{margin-bottom: 0px !important;}&#8221;]\n<h1>\u00c1udio<br \/>\n5.1<\/h1>\n[\/vc_column_text][\/vc_column][vc_column width=&#8221;1\/6&#8243; css=&#8221;.vc_custom_1534307377075{background-color: rgba(0,0,0,0.6) !important;*background-color: rgb(0,0,0) !important;}&#8221;][mk_padding_divider size=&#8221;15&#8243;][vc_column_text align=&#8221;center&#8221; css=&#8221;.vc_custom_1534307855384{margin-bottom: 0px !important;}&#8221;]\n<h1>Produ\u00e7\u00e3o<br \/>\nMusical<\/h1>\n[\/vc_column_text][\/vc_column][vc_column width=&#8221;1\/6&#8243; css=&#8221;.vc_custom_1534307405634{background-color: rgba(0,0,0,0.75) !important;*background-color: rgb(0,0,0) !important;}&#8221;][mk_padding_divider size=&#8221;15&#8243;][vc_column_text align=&#8221;center&#8221; css=&#8221;.vc_custom_1534307809224{margin-bottom: 0px !important;}&#8221;]\n<h1>Soundesign<br \/>\nCinema<\/h1>\n[\/vc_column_text][\/vc_column][vc_column width=&#8221;1\/6&#8243; css=&#8221;.vc_custom_1534307436803{background-color: rgba(0,0,0,0.9) !important;*background-color: rgb(0,0,0) !important;}&#8221;][mk_padding_divider size=&#8221;15&#8243;][vc_column_text align=&#8221;center&#8221; css=&#8221;.vc_custom_1534306883629{margin-bottom: 0px !important;}&#8221;]\n<h1>Jingles<br \/>\nSpots<\/h1>\n[\/vc_column_text][\/vc_column][\/vc_row][vc_row][vc_column][mk_padding_divider][\/vc_column][\/vc_row][vc_row][vc_column width=&#8221;1\/6&#8243;][\/vc_column][vc_column width=&#8221;2\/3&#8243;][vc_column_text css=&#8221;.vc_custom_1591123102773{margin-bottom: 0px !important;}&#8221;]Cesinha Mattos. M\u00fasico, Locutor e Produtor Musical com mais de 20 anos de cria\u00e7\u00f5es no mercado publicit\u00e1rio brasileiro, atua agora como Weedoo Music.<br \/>\nSim, uma produtora preparada para trabalhos sonoros desafiadores, na publicidade, cinema e televis\u00e3o.[\/vc_column_text][\/vc_column][vc_column width=&#8221;1\/6&#8243;][\/vc_column][\/vc_row][vc_row][vc_column][mk_padding_divider][\/vc_column][\/vc_row]\n","protected":false},"excerpt":{"rendered":"<p>[vc_row visibility=&#8221;hidden-sm&#8221;][vc_column][mk_padding_divider size=&#8221;120&#8243;][\/vc_column][\/vc_row][vc_row fullwidth=&#8221;true&#8221; attached=&#8221;true&#8221;][vc_column][mk_image src=&#8221;http:\/\/weedoomusic.com\/wp-content\/uploads\/2018\/08\/imagem_fx_weedoo_2000x700px.jpg&#8221; image_size=&#8221;full&#8221; align=&#8221;center&#8221; margin_bottom=&#8221;0&#8243;][\/vc_column][\/vc_row][vc_row fullwidth=&#8221;true&#8221;][vc_column width=&#8221;1\/6&#8243; css=&#8221;.vc_custom_1534307202596{background-color: rgba(0,0,0,0.15) !important;*background-color: rgb(0,0,0) !important;}&#8221;][mk_padding_divider size=&#8221;15&#8243;][vc_column_text align=&#8221;center&#8221; css=&#8221;.vc_custom_1534306848841{margin-bottom: 0px !important;}&#8221;] M\u00fasica Filmes [\/vc_column_text][\/vc_column][vc_column width=&#8221;1\/6&#8243; css=&#8221;.vc_custom_1534307299174{background-color: rgba(0,0,0,0.3) !important;*background-color: rgb(0,0,0) !important;}&#8221;][mk_padding_divider size=&#8221;15&#8243;][vc_column_text align=&#8221;center&#8221; css=&#8221;.vc_custom_1534306855258{margin-bottom: 0px !important;}&#8221;] Efeitos Sonoros [\/vc_column_text][\/vc_column][vc_column width=&#8221;1\/6&#8243; css=&#8221;.vc_custom_1534307347861{background-color: rgba(0,0,0,0.45) !important;*background-color: rgb(0,0,0) !important;}&#8221;][mk_padding_divider size=&#8221;15&#8243;][vc_column_text align=&#8221;center&#8221; css=&#8221;.vc_custom_1534306826401{margin-bottom: 0px !important;}&#8221;] \u00c1udio 5.1 [\/vc_column_text][\/vc_column][vc_column width=&#8221;1\/6&#8243; css=&#8221;.vc_custom_1534307377075{background-color: rgba(0,0,0,0.6) [&hellip;]<\/p>\n","protected":false},"author":1,"featured_media":0,"parent":0,"menu_order":0,"comment_status":"closed","ping_status":"closed","template":"","meta":{"footnotes":""},"class_list":["post-26","page","type-page","status-publish","hentry"],"_links":{"self":[{"href":"https:\/\/weedoomusic.com\/index.php\/wp-json\/wp\/v2\/pages\/26","targetHints":{"allow":["GET"]}}],"collection":[{"href":"https:\/\/weedoomusic.com\/index.php\/wp-json\/wp\/v2\/pages"}],"about":[{"href":"https:\/\/weedoomusic.com\/index.php\/wp-json\/wp\/v2\/types\/page"}],"author":[{"embeddable":true,"href":"https:\/\/weedoomusic.com\/index.php\/wp-json\/wp\/v2\/users\/1"}],"replies":[{"embeddable":true,"href":"https:\/\/weedoomusic.com\/index.php\/wp-json\/wp\/v2\/comments?post=26"}],"version-history":[{"count":48,"href":"https:\/\/weedoomusic.com\/index.php\/wp-json\/wp\/v2\/pages\/26\/revisions"}],"predecessor-version":[{"id":418,"href":"https:\/\/weedoomusic.com\/index.php\/wp-json\/wp\/v2\/pages\/26\/revisions\/418"}],"wp:attachment":[{"href":"https:\/\/weedoomusic.com\/index.php\/wp-json\/wp\/v2\/media?parent=26"}],"curies":[{"name":"wp","href":"https:\/\/api.w.org\/{rel}","templated":true}]}}